{"id":12,"date":"2024-10-02T11:32:38","date_gmt":"2024-10-02T09:32:38","guid":{"rendered":"https:\/\/frvsens-recrutement.fr\/?page_id=12"},"modified":"2024-10-16T11:12:55","modified_gmt":"2024-10-16T09:12:55","slug":"contact","status":"publish","type":"page","link":"https:\/\/frvsens-recrutement.fr\/index.php\/contact\/","title":{"rendered":"Notre offre"},"content":{"rendered":"\n<div class=\"wp-block-cover is-light\" style=\"border-style:none;border-width:0px;border-radius:100px;margin-top:0;margin-bottom:0;min-height:162px;aspect-ratio:unset;\"><span aria-hidden=\"true\" class=\"wp-block-cover__background has-background-dim\" style=\"background-color:#cbb694\"><\/span><img loading=\"lazy\" decoding=\"async\" width=\"1280\" height=\"853\" class=\"wp-block-cover__image-background wp-image-646\" alt=\"\" src=\"http:\/\/frvsens-recrutement.fr\/wp-content\/uploads\/2024\/10\/hands-20333_1280.jpg\" data-object-fit=\"cover\" srcset=\"https:\/\/frvsens-recrutement.fr\/wp-content\/uploads\/2024\/10\/hands-20333_1280.jpg 1280w, https:\/\/frvsens-recrutement.fr\/wp-content\/uploads\/2024\/10\/hands-20333_1280-300x200.jpg 300w, https:\/\/frvsens-recrutement.fr\/wp-content\/uploads\/2024\/10\/hands-20333_1280-1024x682.jpg 1024w, https:\/\/frvsens-recrutement.fr\/wp-content\/uploads\/2024\/10\/hands-20333_1280-768x512.jpg 768w\" sizes=\"auto, (max-width: 1280px) 100vw, 1280px\" \/><div class=\"wp-block-cover__inner-container is-layout-flow wp-block-cover-is-layout-flow\">\n<p class=\"has-text-align-center has-large-font-size\"><strong><em>Notre offre<\/em><\/strong><\/p>\n<\/div><\/div>\n\n\n<style>.kb-row-layout-id12_230963-20 > .kt-row-column-wrap{align-content:start;}:where(.kb-row-layout-id12_230963-20 > .kt-row-column-wrap) > .wp-block-kadence-column{justify-content:start;}.kb-row-layout-id12_230963-20 > .kt-row-column-wrap{column-gap:var(--global-kb-gap-md, 2rem);row-gap:var(--global-kb-gap-md, 2rem);padding-top:var(--global-kb-spacing-sm, 1.5rem);padding-bottom:var(--global-kb-spacing-sm, 1.5rem);grid-template-columns:minmax(0, 1fr);}.kb-row-layout-id12_230963-20 > .kt-row-layout-overlay{opacity:0.30;}@media all and (max-width: 1024px){.kb-row-layout-id12_230963-20 > .kt-row-column-wrap{grid-template-columns:minmax(0, 1fr);}}@media all and (max-width: 767px){.kb-row-layout-id12_230963-20 > .kt-row-column-wrap{grid-template-columns:minmax(0, 1fr);}}<\/style><div class=\"kb-row-layout-wrap kb-row-layout-id12_230963-20 alignnone wp-block-kadence-rowlayout\"><div class=\"kt-row-column-wrap kt-has-1-columns kt-row-layout-equal kt-tab-layout-inherit kt-mobile-layout-row kt-row-valign-top\">\n<style>.kadence-column12_7494c3-dd > .kt-inside-inner-col,.kadence-column12_7494c3-dd > .kt-inside-inner-col:before{border-top-left-radius:0px;border-top-right-radius:0px;border-bottom-right-radius:0px;border-bottom-left-radius:0px;}.kadence-column12_7494c3-dd > .kt-inside-inner-col{column-gap:var(--global-kb-gap-sm, 1rem);}.kadence-column12_7494c3-dd > .kt-inside-inner-col{flex-direction:column;}.kadence-column12_7494c3-dd > .kt-inside-inner-col > .aligncenter{width:100%;}.kadence-column12_7494c3-dd > .kt-inside-inner-col:before{opacity:0.3;}.kadence-column12_7494c3-dd{position:relative;}@media all and (max-width: 1024px){.kadence-column12_7494c3-dd > .kt-inside-inner-col{flex-direction:column;justify-content:center;}}@media all and (max-width: 767px){.kadence-column12_7494c3-dd > .kt-inside-inner-col{flex-direction:column;justify-content:center;}}<\/style>\n<div class=\"wp-block-kadence-column kadence-column12_7494c3-dd\"><div class=\"kt-inside-inner-col\"><style>.kb-row-layout-id12_e48370-31 > .kt-row-column-wrap{align-content:start;}:where(.kb-row-layout-id12_e48370-31 > .kt-row-column-wrap) > .wp-block-kadence-column{justify-content:start;}.kb-row-layout-id12_e48370-31 > .kt-row-column-wrap{column-gap:var(--global-kb-gap-md, 2rem);row-gap:var(--global-kb-gap-md, 2rem);padding-top:var(--global-kb-spacing-xxl, 5rem);padding-bottom:var(--global-kb-spacing-sm, 1.5rem);}.kb-row-layout-id12_e48370-31 > .kt-row-column-wrap > div:not(.added-for-specificity){grid-column:initial;}.kb-row-layout-id12_e48370-31 > .kt-row-column-wrap{grid-template-columns:repeat(3, minmax(0, 1fr));}.kb-row-layout-id12_e48370-31 > .kt-row-layout-overlay{opacity:0.30;}@media all and (max-width: 1024px){.kb-row-layout-id12_e48370-31 > .kt-row-column-wrap > div:not(.added-for-specificity){grid-column:initial;}}@media all and (max-width: 1024px){.kb-row-layout-id12_e48370-31 > .kt-row-column-wrap{grid-template-columns:repeat(3, minmax(0, 1fr));}}@media all and (max-width: 767px){.kb-row-layout-id12_e48370-31 > .kt-row-column-wrap > div:not(.added-for-specificity){grid-column:initial;}.kb-row-layout-id12_e48370-31 > .kt-row-column-wrap{grid-template-columns:minmax(0, 1fr);}}<\/style><div class=\"kb-row-layout-wrap kb-row-layout-id12_e48370-31 alignnone has-theme-palette9-background-color kt-row-has-bg wp-block-kadence-rowlayout\"><div class=\"kt-row-column-wrap kt-has-3-columns kt-row-layout-equal kt-tab-layout-inherit kt-mobile-layout-row kt-row-valign-top\">\n<style>.kadence-column12_fc6f96-b7 > .kt-inside-inner-col,.kadence-column12_fc6f96-b7 > .kt-inside-inner-col:before{border-top-left-radius:0px;border-top-right-radius:0px;border-bottom-right-radius:0px;border-bottom-left-radius:0px;}.kadence-column12_fc6f96-b7 > .kt-inside-inner-col{column-gap:var(--global-kb-gap-sm, 1rem);}.kadence-column12_fc6f96-b7 > .kt-inside-inner-col{flex-direction:column;}.kadence-column12_fc6f96-b7 > .kt-inside-inner-col > .aligncenter{width:100%;}.kadence-column12_fc6f96-b7 > .kt-inside-inner-col:before{opacity:0.3;}.kadence-column12_fc6f96-b7{position:relative;}@media all and (max-width: 1024px){.kadence-column12_fc6f96-b7 > .kt-inside-inner-col{flex-direction:column;justify-content:center;}}@media all and (max-width: 767px){.kadence-column12_fc6f96-b7 > .kt-inside-inner-col{flex-direction:column;justify-content:center;}}<\/style>\n<div class=\"wp-block-kadence-column kadence-column12_fc6f96-b7\"><div class=\"kt-inside-inner-col\"><div class=\"wp-block-image\">\n<figure class=\"aligncenter size-large is-resized\"><img loading=\"lazy\" decoding=\"async\" width=\"1024\" height=\"512\" src=\"https:\/\/frvsens-recrutement.fr\/wp-content\/uploads\/2024\/10\/ai-generated-8647195_1280-1024x512.jpg\" alt=\"\" class=\"wp-image-726\" style=\"width:404px;height:auto\" srcset=\"https:\/\/frvsens-recrutement.fr\/wp-content\/uploads\/2024\/10\/ai-generated-8647195_1280-1024x512.jpg 1024w, https:\/\/frvsens-recrutement.fr\/wp-content\/uploads\/2024\/10\/ai-generated-8647195_1280-300x150.jpg 300w, https:\/\/frvsens-recrutement.fr\/wp-content\/uploads\/2024\/10\/ai-generated-8647195_1280-768x384.jpg 768w, https:\/\/frvsens-recrutement.fr\/wp-content\/uploads\/2024\/10\/ai-generated-8647195_1280.jpg 1280w\" sizes=\"auto, (max-width: 1024px) 100vw, 1024px\" \/><\/figure>\n<\/div>\n\n<style>.wp-block-kadence-advancedheading.kt-adv-heading12_09b533-c6, .wp-block-kadence-advancedheading.kt-adv-heading12_09b533-c6[data-kb-block=\"kb-adv-heading12_09b533-c6\"]{text-align:center;font-style:normal;}.wp-block-kadence-advancedheading.kt-adv-heading12_09b533-c6 mark.kt-highlight, .wp-block-kadence-advancedheading.kt-adv-heading12_09b533-c6[data-kb-block=\"kb-adv-heading12_09b533-c6\"] mark.kt-highlight{font-style:normal;color:#f76a0c;-webkit-box-decoration-break:clone;box-decoration-break:clone;padding-top:0px;padding-right:0px;padding-bottom:0px;padding-left:0px;}.wp-block-kadence-advancedheading.kt-adv-heading12_09b533-c6 img.kb-inline-image, .wp-block-kadence-advancedheading.kt-adv-heading12_09b533-c6[data-kb-block=\"kb-adv-heading12_09b533-c6\"] img.kb-inline-image{width:150px;vertical-align:baseline;}<\/style>\n<h2 class=\"kt-adv-heading12_09b533-c6 wp-block-kadence-advancedheading\" data-kb-block=\"kb-adv-heading12_09b533-c6\"><em>Recrutement<\/em><\/h2>\n\n\n\n<p class=\"has-text-align-center has-small-font-size\"><em>Nous connectons les talents aux entreprises en mettant en avant des valeurs cl\u00e9s : transparence, ouverture, curiosit\u00e9, engagement et bienveillance. Notre approche humaine et personnalis\u00e9e garantit des collaborations enrichissantes et des recrutements qui ont du sens.<\/em><\/p>\n\n\n\n<div class=\"wp-block-buttons is-content-justification-center is-layout-flex wp-container-core-buttons-is-layout-ecbd6379 wp-block-buttons-is-layout-flex\" style=\"margin-top:4.7rem;margin-bottom:4.7rem\">\n<div class=\"wp-block-button\"><a class=\"wp-block-button__link has-background wp-element-button\" href=\"https:\/\/frvsens-recrutement.fr\/index.php\/recrutement\/\" style=\"background-color:#e46f11\">En savoir plus<\/a><\/div>\n<\/div>\n<\/div><\/div>\n\n\n<style>.kadence-column12_0354e1-58 > .kt-inside-inner-col,.kadence-column12_0354e1-58 > .kt-inside-inner-col:before{border-top-left-radius:0px;border-top-right-radius:0px;border-bottom-right-radius:0px;border-bottom-left-radius:0px;}.kadence-column12_0354e1-58 > .kt-inside-inner-col{column-gap:var(--global-kb-gap-sm, 1rem);}.kadence-column12_0354e1-58 > .kt-inside-inner-col{flex-direction:column;}.kadence-column12_0354e1-58 > .kt-inside-inner-col > .aligncenter{width:100%;}.kadence-column12_0354e1-58 > .kt-inside-inner-col:before{opacity:0.3;}.kadence-column12_0354e1-58{position:relative;}@media all and (max-width: 1024px){.kadence-column12_0354e1-58 > .kt-inside-inner-col{flex-direction:column;justify-content:center;}}@media all and (max-width: 767px){.kadence-column12_0354e1-58 > .kt-inside-inner-col{flex-direction:column;justify-content:center;}}<\/style>\n<div class=\"wp-block-kadence-column kadence-column12_0354e1-58\"><div class=\"kt-inside-inner-col\"><div class=\"wp-block-image\">\n<figure class=\"aligncenter size-large is-resized\"><img loading=\"lazy\" decoding=\"async\" width=\"1024\" height=\"778\" src=\"https:\/\/frvsens-recrutement.fr\/wp-content\/uploads\/2024\/10\/hiring-3216063_1280-1024x778.jpg\" alt=\"\" class=\"wp-image-729\" style=\"object-fit:cover;width:404px;height:200px\" srcset=\"https:\/\/frvsens-recrutement.fr\/wp-content\/uploads\/2024\/10\/hiring-3216063_1280-1024x778.jpg 1024w, https:\/\/frvsens-recrutement.fr\/wp-content\/uploads\/2024\/10\/hiring-3216063_1280-300x228.jpg 300w, https:\/\/frvsens-recrutement.fr\/wp-content\/uploads\/2024\/10\/hiring-3216063_1280-768x583.jpg 768w, https:\/\/frvsens-recrutement.fr\/wp-content\/uploads\/2024\/10\/hiring-3216063_1280.jpg 1280w\" sizes=\"auto, (max-width: 1024px) 100vw, 1024px\" \/><\/figure>\n<\/div>\n\n<style>.wp-block-kadence-advancedheading.kt-adv-heading12_96b049-a4, .wp-block-kadence-advancedheading.kt-adv-heading12_96b049-a4[data-kb-block=\"kb-adv-heading12_96b049-a4\"]{text-align:center;font-style:normal;}.wp-block-kadence-advancedheading.kt-adv-heading12_96b049-a4 mark.kt-highlight, .wp-block-kadence-advancedheading.kt-adv-heading12_96b049-a4[data-kb-block=\"kb-adv-heading12_96b049-a4\"] mark.kt-highlight{font-style:normal;color:#f76a0c;-webkit-box-decoration-break:clone;box-decoration-break:clone;padding-top:0px;padding-right:0px;padding-bottom:0px;padding-left:0px;}.wp-block-kadence-advancedheading.kt-adv-heading12_96b049-a4 img.kb-inline-image, .wp-block-kadence-advancedheading.kt-adv-heading12_96b049-a4[data-kb-block=\"kb-adv-heading12_96b049-a4\"] img.kb-inline-image{width:150px;vertical-align:baseline;}<\/style>\n<h2 class=\"kt-adv-heading12_96b049-a4 wp-block-kadence-advancedheading\" data-kb-block=\"kb-adv-heading12_96b049-a4\"><em>Sourcing candidats<\/em><\/h2>\n\n\n\n<p class=\"has-text-align-center has-small-font-size\"><em>D\u00e9couvrez comment frv\u2019Sens vous aide \u00e0 gagner du temps en optimisant vos recrutements gr\u00e2ce \u00e0 un sourcing cibl\u00e9 et une pr\u00e9-s\u00e9lection de candidats qualifi\u00e9s, adapt\u00e9s \u00e0 vos besoins<\/em><\/p>\n\n\n\n<div class=\"wp-block-buttons is-content-justification-center is-layout-flex wp-container-core-buttons-is-layout-068dd68e wp-block-buttons-is-layout-flex\" style=\"margin-top:5.5rem;margin-bottom:5.5rem\">\n<div class=\"wp-block-button\"><a class=\"wp-block-button__link has-background wp-element-button\" href=\"https:\/\/frvsens-recrutement.fr\/index.php\/prospection-de-talents\/\" style=\"background-color:#e46f11\">En savoir plus<\/a><\/div>\n<\/div>\n<\/div><\/div>\n\n\n<style>.kadence-column12_e4696c-fd > .kt-inside-inner-col,.kadence-column12_e4696c-fd > .kt-inside-inner-col:before{border-top-left-radius:0px;border-top-right-radius:0px;border-bottom-right-radius:0px;border-bottom-left-radius:0px;}.kadence-column12_e4696c-fd > .kt-inside-inner-col{column-gap:var(--global-kb-gap-sm, 1rem);}.kadence-column12_e4696c-fd > .kt-inside-inner-col{flex-direction:column;}.kadence-column12_e4696c-fd > .kt-inside-inner-col > .aligncenter{width:100%;}.kadence-column12_e4696c-fd > .kt-inside-inner-col:before{opacity:0.3;}.kadence-column12_e4696c-fd{position:relative;}@media all and (max-width: 1024px){.kadence-column12_e4696c-fd > .kt-inside-inner-col{flex-direction:column;justify-content:center;}}@media all and (max-width: 767px){.kadence-column12_e4696c-fd > .kt-inside-inner-col{flex-direction:column;justify-content:center;}}<\/style>\n<div class=\"wp-block-kadence-column kadence-column12_e4696c-fd\"><div class=\"kt-inside-inner-col\"><div class=\"wp-block-image\">\n<figure class=\"aligncenter size-large is-resized\"><img loading=\"lazy\" decoding=\"async\" width=\"1024\" height=\"684\" src=\"https:\/\/frvsens-recrutement.fr\/wp-content\/uploads\/2024\/10\/assess-2372181_1280-1024x684.jpg\" alt=\"\" class=\"wp-image-731\" style=\"object-fit:cover;width:404px;height:201px\" srcset=\"https:\/\/frvsens-recrutement.fr\/wp-content\/uploads\/2024\/10\/assess-2372181_1280-1024x684.jpg 1024w, https:\/\/frvsens-recrutement.fr\/wp-content\/uploads\/2024\/10\/assess-2372181_1280-300x200.jpg 300w, https:\/\/frvsens-recrutement.fr\/wp-content\/uploads\/2024\/10\/assess-2372181_1280-768x513.jpg 768w, https:\/\/frvsens-recrutement.fr\/wp-content\/uploads\/2024\/10\/assess-2372181_1280.jpg 1280w\" sizes=\"auto, (max-width: 1024px) 100vw, 1024px\" \/><\/figure>\n<\/div>\n\n<style>.wp-block-kadence-advancedheading.kt-adv-heading12_5c3c25-ab, .wp-block-kadence-advancedheading.kt-adv-heading12_5c3c25-ab[data-kb-block=\"kb-adv-heading12_5c3c25-ab\"]{text-align:center;font-style:normal;}.wp-block-kadence-advancedheading.kt-adv-heading12_5c3c25-ab mark.kt-highlight, .wp-block-kadence-advancedheading.kt-adv-heading12_5c3c25-ab[data-kb-block=\"kb-adv-heading12_5c3c25-ab\"] mark.kt-highlight{font-style:normal;color:#f76a0c;-webkit-box-decoration-break:clone;box-decoration-break:clone;padding-top:0px;padding-right:0px;padding-bottom:0px;padding-left:0px;}.wp-block-kadence-advancedheading.kt-adv-heading12_5c3c25-ab img.kb-inline-image, .wp-block-kadence-advancedheading.kt-adv-heading12_5c3c25-ab[data-kb-block=\"kb-adv-heading12_5c3c25-ab\"] img.kb-inline-image{width:150px;vertical-align:baseline;}<\/style>\n<h2 class=\"kt-adv-heading12_5c3c25-ab wp-block-kadence-advancedheading\" data-kb-block=\"kb-adv-heading12_5c3c25-ab\"><em>\u00c9valuation<\/em><\/h2>\n\n\n\n<p class=\"has-text-align-center has-small-font-size\">frv\u2019Sens vous accompagne pour \u00e9valuer des talents qui allient comp\u00e9tences techniques, soft skills et motivation, gr\u00e2ce \u00e0 une \u00e9valuation compl\u00e8te et des outils performants* pour garantir une int\u00e9gration durable et r\u00e9ussie.<\/p>\n\n\n<style>.kb-row-layout-id12_b97a06-a6 > .kt-row-column-wrap{align-content:start;}:where(.kb-row-layout-id12_b97a06-a6 > .kt-row-column-wrap) > .wp-block-kadence-column{justify-content:start;}.kb-row-layout-id12_b97a06-a6 > .kt-row-column-wrap{column-gap:var(--global-kb-gap-none, 0rem );row-gap:var(--global-kb-gap-none, 0rem );max-width:236px;margin-left:auto;margin-right:auto;padding-top:0px;padding-right:0px;padding-bottom:21px;padding-left:0px;grid-template-columns:minmax(0, calc(50% - ((var(--global-kb-gap-none, 0rem ) * 1 )\/2)))minmax(0, calc(50% - ((var(--global-kb-gap-none, 0rem ) * 1 )\/2)));}.kb-row-layout-id12_b97a06-a6 > .kt-row-layout-overlay{opacity:0.30;}@media all and (max-width: 1024px){.kb-row-layout-id12_b97a06-a6 > .kt-row-column-wrap{grid-template-columns:repeat(2, minmax(0, 1fr));}}@media all and (max-width: 767px){.kb-row-layout-id12_b97a06-a6 > .kt-row-column-wrap{grid-template-columns:minmax(0, 1fr);}}<\/style><div class=\"kb-row-layout-wrap kb-row-layout-id12_b97a06-a6 alignnone wp-block-kadence-rowlayout\"><div class=\"kt-row-column-wrap kt-has-2-columns kt-row-layout-equal kt-tab-layout-inherit kt-mobile-layout-row kt-row-valign-top\">\n<style>.kadence-column12_1675f1-13 > .kt-inside-inner-col,.kadence-column12_1675f1-13 > .kt-inside-inner-col:before{border-top-left-radius:0px;border-top-right-radius:0px;border-bottom-right-radius:0px;border-bottom-left-radius:0px;}.kadence-column12_1675f1-13 > .kt-inside-inner-col{column-gap:var(--global-kb-gap-sm, 1rem);}.kadence-column12_1675f1-13 > .kt-inside-inner-col{flex-direction:column;}.kadence-column12_1675f1-13 > .kt-inside-inner-col > .aligncenter{width:100%;}.kadence-column12_1675f1-13 > .kt-inside-inner-col:before{opacity:0.3;}.kadence-column12_1675f1-13{position:relative;}@media all and (max-width: 1024px){.kadence-column12_1675f1-13 > .kt-inside-inner-col{flex-direction:column;justify-content:center;}}@media all and (max-width: 767px){.kadence-column12_1675f1-13 > .kt-inside-inner-col{flex-direction:column;justify-content:center;}}<\/style>\n<div class=\"wp-block-kadence-column kadence-column12_1675f1-13\"><div class=\"kt-inside-inner-col\"><div class=\"wp-block-image\">\n<figure class=\"aligncenter size-full is-resized\"><img loading=\"lazy\" decoding=\"async\" width=\"300\" height=\"247\" src=\"http:\/\/frvsens-recrutement.fr\/wp-content\/uploads\/2024\/10\/LOGO-AF-CARRE-color-e1644248066989-300x247-1.webp\" alt=\"\" class=\"wp-image-737\" style=\"width:49px;height:auto\"\/><\/figure>\n<\/div><\/div><\/div>\n\n\n<style>.kadence-column12_f2f424-90 > .kt-inside-inner-col,.kadence-column12_f2f424-90 > .kt-inside-inner-col:before{border-top-left-radius:0px;border-top-right-radius:0px;border-bottom-right-radius:0px;border-bottom-left-radius:0px;}.kadence-column12_f2f424-90 > .kt-inside-inner-col{column-gap:var(--global-kb-gap-sm, 1rem);}.kadence-column12_f2f424-90 > .kt-inside-inner-col{flex-direction:column;}.kadence-column12_f2f424-90 > .kt-inside-inner-col > .aligncenter{width:100%;}.kadence-column12_f2f424-90 > .kt-inside-inner-col:before{opacity:0.3;}.kadence-column12_f2f424-90{position:relative;}@media all and (max-width: 1024px){.kadence-column12_f2f424-90 > .kt-inside-inner-col{flex-direction:column;justify-content:center;}}@media all and (max-width: 767px){.kadence-column12_f2f424-90 > .kt-inside-inner-col{flex-direction:column;justify-content:center;}}<\/style>\n<div class=\"wp-block-kadence-column kadence-column12_f2f424-90\"><div class=\"kt-inside-inner-col\"><div class=\"wp-block-image\">\n<figure class=\"aligncenter size-full is-resized\"><img loading=\"lazy\" decoding=\"async\" width=\"810\" height=\"278\" src=\"https:\/\/frvsens-recrutement.fr\/wp-content\/uploads\/2024\/10\/1118ff60-22c3-42a2-a566-c596950a67b4.png\" alt=\"\" class=\"wp-image-739\" style=\"width:90px;height:auto\" srcset=\"https:\/\/frvsens-recrutement.fr\/wp-content\/uploads\/2024\/10\/1118ff60-22c3-42a2-a566-c596950a67b4.png 810w, https:\/\/frvsens-recrutement.fr\/wp-content\/uploads\/2024\/10\/1118ff60-22c3-42a2-a566-c596950a67b4-300x103.png 300w, https:\/\/frvsens-recrutement.fr\/wp-content\/uploads\/2024\/10\/1118ff60-22c3-42a2-a566-c596950a67b4-768x264.png 768w\" sizes=\"auto, (max-width: 810px) 100vw, 810px\" \/><\/figure>\n<\/div><\/div><\/div>\n\n<\/div><\/div>\n\n\n<div class=\"wp-block-buttons is-content-justification-center is-layout-flex wp-container-core-buttons-is-layout-16018d1d wp-block-buttons-is-layout-flex\">\n<div class=\"wp-block-button\"><a class=\"wp-block-button__link has-background has-text-align-center wp-element-button\" href=\"https:\/\/frvsens-recrutement.fr\/index.php\/evaluation\/\" style=\"background-color:#e46f11\">En savoir plus<\/a><\/div>\n<\/div>\n<\/div><\/div>\n\n<\/div><\/div><\/div><\/div>\n\n<\/div><\/div>","protected":false},"excerpt":{"rendered":"<p>Recrutement Nous connectons les talents aux entreprises en mettant en avant des valeurs cl\u00e9s : transparence, ouverture, curiosit\u00e9, engagement et bienveillance. Notre approche humaine et personnalis\u00e9e garantit des collaborations enrichissantes et des recrutements qui ont du sens. Sourcing candidats D\u00e9couvrez comment frv\u2019Sens vous aide \u00e0 gagner du temps en optimisant vos recrutements gr\u00e2ce \u00e0 un&#8230;<\/p>\n","protected":false},"author":1,"featured_media":0,"parent":0,"menu_order":0,"comment_status":"closed","ping_status":"closed","template":"","meta":{"_kad_post_transparent":"","_kad_post_title":"","_kad_post_layout":"","_kad_post_sidebar_id":"","_kad_post_content_style":"","_kad_post_vertical_padding":"","_kad_post_feature":"","_kad_post_feature_position":"","_kad_post_header":false,"_kad_post_footer":false,"footnotes":""},"class_list":["post-12","page","type-page","status-publish","hentry"],"_links":{"self":[{"href":"https:\/\/frvsens-recrutement.fr\/index.php\/wp-json\/wp\/v2\/pages\/12","targetHints":{"allow":["GET"]}}],"collection":[{"href":"https:\/\/frvsens-recrutement.fr\/index.php\/wp-json\/wp\/v2\/pages"}],"about":[{"href":"https:\/\/frvsens-recrutement.fr\/index.php\/wp-json\/wp\/v2\/types\/page"}],"author":[{"embeddable":true,"href":"https:\/\/frvsens-recrutement.fr\/index.php\/wp-json\/wp\/v2\/users\/1"}],"replies":[{"embeddable":true,"href":"https:\/\/frvsens-recrutement.fr\/index.php\/wp-json\/wp\/v2\/comments?post=12"}],"version-history":[{"count":92,"href":"https:\/\/frvsens-recrutement.fr\/index.php\/wp-json\/wp\/v2\/pages\/12\/revisions"}],"predecessor-version":[{"id":801,"href":"https:\/\/frvsens-recrutement.fr\/index.php\/wp-json\/wp\/v2\/pages\/12\/revisions\/801"}],"wp:attachment":[{"href":"https:\/\/frvsens-recrutement.fr\/index.php\/wp-json\/wp\/v2\/media?parent=12"}],"curies":[{"name":"wp","href":"https:\/\/api.w.org\/{rel}","templated":true}]}}