{"id":8,"date":"2024-10-02T11:31:44","date_gmt":"2024-10-02T09:31:44","guid":{"rendered":"https:\/\/frvsens-recrutement.fr\/?page_id=8"},"modified":"2024-11-28T11:53:41","modified_gmt":"2024-11-28T10:53:41","slug":"accueil","status":"publish","type":"page","link":"https:\/\/frvsens-recrutement.fr\/","title":{"rendered":"D\u00e9couvrez-nous"},"content":{"rendered":"\n<div class=\"wp-block-columns is-layout-flex wp-container-core-columns-is-layout-9d6595d7 wp-block-columns-is-layout-flex\">\n<div class=\"wp-block-column is-layout-flow wp-block-column-is-layout-flow\"><\/div>\n<\/div>\n\n\n\n<div class=\"wp-block-columns is-layout-flex wp-container-core-columns-is-layout-9d6595d7 wp-block-columns-is-layout-flex\">\n<div class=\"wp-block-column is-layout-flow wp-block-column-is-layout-flow\"><\/div>\n<\/div>\n\n\n\n<div class=\"wp-block-cover\"><span aria-hidden=\"true\" class=\"wp-block-cover__background has-background-dim\" style=\"background-color:#794761\"><\/span><img loading=\"lazy\" decoding=\"async\" width=\"1920\" height=\"1080\" class=\"wp-block-cover__image-background wp-image-186\" alt=\"\" src=\"https:\/\/frvsens-recrutement.fr\/wp-content\/uploads\/2024\/10\/Design-sans-titre-1.jpg\" data-object-fit=\"cover\" srcset=\"https:\/\/frvsens-recrutement.fr\/wp-content\/uploads\/2024\/10\/Design-sans-titre-1.jpg 1920w, https:\/\/frvsens-recrutement.fr\/wp-content\/uploads\/2024\/10\/Design-sans-titre-1-300x169.jpg 300w, https:\/\/frvsens-recrutement.fr\/wp-content\/uploads\/2024\/10\/Design-sans-titre-1-1024x576.jpg 1024w, https:\/\/frvsens-recrutement.fr\/wp-content\/uploads\/2024\/10\/Design-sans-titre-1-768x432.jpg 768w, https:\/\/frvsens-recrutement.fr\/wp-content\/uploads\/2024\/10\/Design-sans-titre-1-1536x864.jpg 1536w\" sizes=\"auto, (max-width: 1920px) 100vw, 1920px\" \/><div class=\"wp-block-cover__inner-container is-layout-flow wp-block-cover-is-layout-flow\">\n<p><\/p>\n\n\n\n<p class=\"has-text-align-center has-xxlarge-font-size\"><strong><em>Qui sommes-nous&nbsp;?<\/em><\/strong><\/p>\n\n\n\n<p class=\"has-text-align-center\" style=\"font-size:20px;font-style:italic;font-weight:400\">Sp\u00e9cialis\u00e9 dans le conseil en recrutement et les bilans de comp\u00e9tences, frv\u2019Sens accompagne depuis 2016 les entreprises et les individus dans leur \u00e9volution professionnelle. <\/p>\n\n\n\n<p class=\"has-text-align-center\" style=\"font-size:20px;font-style:italic;font-weight:400\">Notre expertise repose sur une approche humaine et personnalis\u00e9e visant \u00e0 optimiser les talents et \u00e0 faciliter les transitions de carri\u00e8re.<\/p>\n\n\n\n<p class=\"has-text-align-center\" style=\"font-size:20px;font-style:italic;font-weight:400\">                Que vous soyez une entreprise ou un professionnel en qu\u00eate de nouvelles perspectives, frv\u2019Sens est votre partenaire pour r\u00e9ussir vos projets.<\/p>\n<\/div><\/div>\n\n\n\n<div class=\"wp-block-columns is-layout-flex wp-container-core-columns-is-layout-9d6595d7 wp-block-columns-is-layout-flex\">\n<div class=\"wp-block-column is-layout-flow wp-block-column-is-layout-flow\"><\/div>\n<\/div>\n\n\n\n<div class=\"wp-block-columns has-theme-palette-9-background-color has-background is-layout-flex wp-container-core-columns-is-layout-9d6595d7 wp-block-columns-is-layout-flex\">\n<div class=\"wp-block-column is-layout-flow wp-block-column-is-layout-flow\"><style>.kb-row-layout-id8_65dea2-4b > .kt-row-column-wrap{align-content:start;}:where(.kb-row-layout-id8_65dea2-4b > .kt-row-column-wrap) > .wp-block-kadence-column{justify-content:start;}.kb-row-layout-id8_65dea2-4b > .kt-row-column-wrap{column-gap:var(--global-kb-gap-md, 2rem);row-gap:var(--global-kb-gap-md, 2rem);padding-top:var(--global-kb-spacing-sm, 1.5rem);padding-bottom:var(--global-kb-spacing-sm, 1.5rem);grid-template-columns:minmax(0, 1fr);}.kb-row-layout-id8_65dea2-4b > .kt-row-layout-overlay{opacity:0.30;}@media all and (max-width: 1024px){.kb-row-layout-id8_65dea2-4b > .kt-row-column-wrap{grid-template-columns:minmax(0, 1fr);}}@media all and (max-width: 767px){.kb-row-layout-id8_65dea2-4b > .kt-row-column-wrap{grid-template-columns:minmax(0, 1fr);}}<\/style><div class=\"kb-row-layout-wrap kb-row-layout-id8_65dea2-4b alignnone wp-block-kadence-rowlayout\"><div class=\"kt-row-column-wrap kt-has-1-columns kt-row-layout-equal kt-tab-layout-inherit kt-mobile-layout-row kt-row-valign-top\">\n<style>.kadence-column8_3464a8-45 > .kt-inside-inner-col,.kadence-column8_3464a8-45 > .kt-inside-inner-col:before{border-top-left-radius:0px;border-top-right-radius:0px;border-bottom-right-radius:0px;border-bottom-left-radius:0px;}.kadence-column8_3464a8-45 > .kt-inside-inner-col{column-gap:var(--global-kb-gap-sm, 1rem);}.kadence-column8_3464a8-45 > .kt-inside-inner-col{flex-direction:column;}.kadence-column8_3464a8-45 > .kt-inside-inner-col > .aligncenter{width:100%;}.kadence-column8_3464a8-45 > .kt-inside-inner-col:before{opacity:0.3;}.kadence-column8_3464a8-45{position:relative;}@media all and (max-width: 1024px){.kadence-column8_3464a8-45 > .kt-inside-inner-col{flex-direction:column;justify-content:center;}}@media all and (max-width: 767px){.kadence-column8_3464a8-45 > .kt-inside-inner-col{flex-direction:column;justify-content:center;}}<\/style>\n<div class=\"wp-block-kadence-column kadence-column8_3464a8-45\"><div class=\"kt-inside-inner-col\">\n<figure class=\"wp-block-image size-large\"><a href=\"https:\/\/frvsens-recrutement.fr\/index.php\/recrutement\/\"><img loading=\"lazy\" decoding=\"async\" width=\"1024\" height=\"683\" src=\"http:\/\/frvsens-recrutement.fr\/wp-content\/uploads\/2024\/10\/kobu-agency-7okkFhxrxNw-unsplash-1024x683.jpg\" alt=\"\" class=\"wp-image-203\" srcset=\"https:\/\/frvsens-recrutement.fr\/wp-content\/uploads\/2024\/10\/kobu-agency-7okkFhxrxNw-unsplash-1024x683.jpg 1024w, https:\/\/frvsens-recrutement.fr\/wp-content\/uploads\/2024\/10\/kobu-agency-7okkFhxrxNw-unsplash-300x200.jpg 300w, https:\/\/frvsens-recrutement.fr\/wp-content\/uploads\/2024\/10\/kobu-agency-7okkFhxrxNw-unsplash-768x512.jpg 768w, https:\/\/frvsens-recrutement.fr\/wp-content\/uploads\/2024\/10\/kobu-agency-7okkFhxrxNw-unsplash-1536x1024.jpg 1536w, https:\/\/frvsens-recrutement.fr\/wp-content\/uploads\/2024\/10\/kobu-agency-7okkFhxrxNw-unsplash-2048x1365.jpg 2048w\" sizes=\"auto, (max-width: 1024px) 100vw, 1024px\" \/><\/a><\/figure>\n\n\n<style>.wp-block-kadence-advancedheading.kt-adv-heading8_452eb5-54, .wp-block-kadence-advancedheading.kt-adv-heading8_452eb5-54[data-kb-block=\"kb-adv-heading8_452eb5-54\"]{text-align:center;font-style:normal;}.wp-block-kadence-advancedheading.kt-adv-heading8_452eb5-54 mark.kt-highlight, .wp-block-kadence-advancedheading.kt-adv-heading8_452eb5-54[data-kb-block=\"kb-adv-heading8_452eb5-54\"] mark.kt-highlight{font-style:normal;color:#f76a0c;-webkit-box-decoration-break:clone;box-decoration-break:clone;padding-top:0px;padding-right:0px;padding-bottom:0px;padding-left:0px;}.wp-block-kadence-advancedheading.kt-adv-heading8_452eb5-54 img.kb-inline-image, .wp-block-kadence-advancedheading.kt-adv-heading8_452eb5-54[data-kb-block=\"kb-adv-heading8_452eb5-54\"] img.kb-inline-image{width:150px;vertical-align:baseline;}<\/style>\n<h2 class=\"kt-adv-heading8_452eb5-54 wp-block-kadence-advancedheading\" data-kb-block=\"kb-adv-heading8_452eb5-54\">RECRUTEMENT <\/h2>\n\n\n\n<p>Notre mission : connecter les talents aux entreprises qui partagent nos valeurs de transparence, d\u2019ouverture, de curiosit\u00e9, d\u2019engagement et de bienveillance.<\/p>\n\n\n\n<p>Nous croyons que, au-del\u00e0 des comp\u00e9tences techniques, il est essentiel de prendre en compte les motivations individuelles pour donner du sens aux missions quotidiennes.\ud83d\ude0a<\/p>\n\n\n\n<p><\/p>\n\n\n<div class=\"wp-block-image\">\n<figure class=\"aligncenter size-full is-resized\"><img loading=\"lazy\" decoding=\"async\" width=\"381\" height=\"99\" src=\"https:\/\/frvsens-recrutement.fr\/wp-content\/uploads\/2024\/10\/FRVSENS_LOGO-petit-2.jpg\" alt=\"\" class=\"wp-image-254\" style=\"width:212px;height:auto\" srcset=\"https:\/\/frvsens-recrutement.fr\/wp-content\/uploads\/2024\/10\/FRVSENS_LOGO-petit-2.jpg 381w, https:\/\/frvsens-recrutement.fr\/wp-content\/uploads\/2024\/10\/FRVSENS_LOGO-petit-2-300x78.jpg 300w\" sizes=\"auto, (max-width: 381px) 100vw, 381px\" \/><\/figure>\n<\/div>\n\n\n<p class=\"has-theme-palette-9-color has-text-color has-link-color wp-elements-908d8e008f20d984e1eacf6b15497d3b\">1111<\/p>\n\n\n\n<p><\/p>\n\n\n\n<div class=\"wp-block-buttons is-content-justification-center is-layout-flex wp-container-core-buttons-is-layout-16018d1d wp-block-buttons-is-layout-flex\">\n<div class=\"wp-block-button\"><a class=\"wp-block-button__link has-background wp-element-button\" href=\"https:\/\/frvsens-recrutement.fr\/index.php\/recrutement\/\" style=\"background-color:#e49029\">En savoir plus<\/a><\/div>\n<\/div>\n<\/div><\/div>\n\n<\/div><\/div><\/div>\n\n\n\n<div class=\"wp-block-column is-layout-flow wp-block-column-is-layout-flow\"><style>.kb-row-layout-id8_477d98-a7 > .kt-row-column-wrap{align-content:start;}:where(.kb-row-layout-id8_477d98-a7 > .kt-row-column-wrap) > .wp-block-kadence-column{justify-content:start;}.kb-row-layout-id8_477d98-a7 > .kt-row-column-wrap{column-gap:var(--global-kb-gap-md, 2rem);row-gap:var(--global-kb-gap-md, 2rem);padding-top:var(--global-kb-spacing-sm, 1.5rem);padding-bottom:var(--global-kb-spacing-sm, 1.5rem);grid-template-columns:minmax(0, 1fr);}.kb-row-layout-id8_477d98-a7 > .kt-row-layout-overlay{opacity:0.30;}@media all and (max-width: 1024px){.kb-row-layout-id8_477d98-a7 > .kt-row-column-wrap{grid-template-columns:minmax(0, 1fr);}}@media all and (max-width: 767px){.kb-row-layout-id8_477d98-a7 > .kt-row-column-wrap{grid-template-columns:minmax(0, 1fr);}}<\/style><div class=\"kb-row-layout-wrap kb-row-layout-id8_477d98-a7 alignnone wp-block-kadence-rowlayout\"><div class=\"kt-row-column-wrap kt-has-1-columns kt-row-layout-equal kt-tab-layout-inherit kt-mobile-layout-row kt-row-valign-top\">\n<style>.kadence-column8_b1761a-4a > .kt-inside-inner-col,.kadence-column8_b1761a-4a > .kt-inside-inner-col:before{border-top-left-radius:0px;border-top-right-radius:0px;border-bottom-right-radius:0px;border-bottom-left-radius:0px;}.kadence-column8_b1761a-4a > .kt-inside-inner-col{column-gap:var(--global-kb-gap-sm, 1rem);}.kadence-column8_b1761a-4a > .kt-inside-inner-col{flex-direction:column;}.kadence-column8_b1761a-4a > .kt-inside-inner-col > .aligncenter{width:100%;}.kadence-column8_b1761a-4a > .kt-inside-inner-col:before{opacity:0.3;}.kadence-column8_b1761a-4a{position:relative;}@media all and (max-width: 1024px){.kadence-column8_b1761a-4a > .kt-inside-inner-col{flex-direction:column;justify-content:center;}}@media all and (max-width: 767px){.kadence-column8_b1761a-4a > .kt-inside-inner-col{flex-direction:column;justify-content:center;}}<\/style>\n<div class=\"wp-block-kadence-column kadence-column8_b1761a-4a\"><div class=\"kt-inside-inner-col\">\n<figure class=\"wp-block-image size-large\"><a href=\"https:\/\/frvsens-recrutement.fr\/index.php\/page-d-exemple\/\"><img loading=\"lazy\" decoding=\"async\" width=\"1024\" height=\"683\" src=\"http:\/\/frvsens-recrutement.fr\/wp-content\/uploads\/2024\/10\/thought-catalog-505eectW54k-unsplash-1-1024x683.jpg\" alt=\"\" class=\"wp-image-211\" srcset=\"https:\/\/frvsens-recrutement.fr\/wp-content\/uploads\/2024\/10\/thought-catalog-505eectW54k-unsplash-1-1024x683.jpg 1024w, https:\/\/frvsens-recrutement.fr\/wp-content\/uploads\/2024\/10\/thought-catalog-505eectW54k-unsplash-1-300x200.jpg 300w, https:\/\/frvsens-recrutement.fr\/wp-content\/uploads\/2024\/10\/thought-catalog-505eectW54k-unsplash-1-768x512.jpg 768w, https:\/\/frvsens-recrutement.fr\/wp-content\/uploads\/2024\/10\/thought-catalog-505eectW54k-unsplash-1-1536x1024.jpg 1536w, https:\/\/frvsens-recrutement.fr\/wp-content\/uploads\/2024\/10\/thought-catalog-505eectW54k-unsplash-1-2048x1365.jpg 2048w\" sizes=\"auto, (max-width: 1024px) 100vw, 1024px\" \/><\/a><\/figure>\n\n\n<style>.wp-block-kadence-advancedheading.kt-adv-heading8_dd79f2-0a, .wp-block-kadence-advancedheading.kt-adv-heading8_dd79f2-0a[data-kb-block=\"kb-adv-heading8_dd79f2-0a\"]{text-align:center;font-style:normal;}.wp-block-kadence-advancedheading.kt-adv-heading8_dd79f2-0a mark.kt-highlight, .wp-block-kadence-advancedheading.kt-adv-heading8_dd79f2-0a[data-kb-block=\"kb-adv-heading8_dd79f2-0a\"] mark.kt-highlight{font-style:normal;color:#f76a0c;-webkit-box-decoration-break:clone;box-decoration-break:clone;padding-top:0px;padding-right:0px;padding-bottom:0px;padding-left:0px;}.wp-block-kadence-advancedheading.kt-adv-heading8_dd79f2-0a img.kb-inline-image, .wp-block-kadence-advancedheading.kt-adv-heading8_dd79f2-0a[data-kb-block=\"kb-adv-heading8_dd79f2-0a\"] img.kb-inline-image{width:150px;vertical-align:baseline;}<\/style>\n<h2 class=\"kt-adv-heading8_dd79f2-0a wp-block-kadence-advancedheading\" data-kb-block=\"kb-adv-heading8_dd79f2-0a\">BILAN DE COMPETENCES<\/h2>\n\n\n\n<p>Bilan de comp\u00e9tences : Un tremplin vers votre \u00e9volution professionnelle !<\/p>\n\n\n\n<p>Que vous soyez en qu\u00eate de nouvelles opportunit\u00e9s, d\u2019une reconversion professionnelle, ou simplement d\u00e9sireux de faire le point sur votre parcours, nos bilans de comp\u00e9tences sont l&rsquo;outil id\u00e9al pour vous aider \u00e0 mieux comprendre vos aspirations et vos forces.<\/p>\n\n\n\n<p>Frv\u2019Sens est certifi\u00e9 Qualiopi au titre de la cat\u00e9gorie d\u2019action&nbsp;: Bilans de comp\u00e9tences. \ud83d\ude80<\/p>\n\n\n<div class=\"wp-block-image\">\n<figure class=\"aligncenter size-large is-resized\"><img loading=\"lazy\" decoding=\"async\" width=\"1024\" height=\"533\" src=\"https:\/\/frvsens-recrutement.fr\/wp-content\/uploads\/2024\/10\/WhatsApp-Image-2024-10-03-a-15.44.00_8de9b629-1024x533.jpg\" alt=\"\" class=\"wp-image-251\" style=\"width:181px;height:auto\" srcset=\"https:\/\/frvsens-recrutement.fr\/wp-content\/uploads\/2024\/10\/WhatsApp-Image-2024-10-03-a-15.44.00_8de9b629-1024x533.jpg 1024w, https:\/\/frvsens-recrutement.fr\/wp-content\/uploads\/2024\/10\/WhatsApp-Image-2024-10-03-a-15.44.00_8de9b629-300x156.jpg 300w, https:\/\/frvsens-recrutement.fr\/wp-content\/uploads\/2024\/10\/WhatsApp-Image-2024-10-03-a-15.44.00_8de9b629-768x400.jpg 768w, https:\/\/frvsens-recrutement.fr\/wp-content\/uploads\/2024\/10\/WhatsApp-Image-2024-10-03-a-15.44.00_8de9b629.jpg 1288w\" sizes=\"auto, (max-width: 1024px) 100vw, 1024px\" \/><\/figure>\n<\/div><\/div><\/div>\n\n<\/div><\/div>\n\n\n<div class=\"wp-block-buttons is-content-justification-center is-layout-flex wp-container-core-buttons-is-layout-16018d1d wp-block-buttons-is-layout-flex\">\n<div class=\"wp-block-button\"><a class=\"wp-block-button__link has-background wp-element-button\" href=\"https:\/\/frvsens-recrutement.fr\/index.php\/page-d-exemple\/\" style=\"background-color:#e49029\">En savoir plus <\/a><\/div>\n<\/div>\n<\/div>\n<\/div>\n\n\n<style>.wp-block-kadence-advancedheading.kt-adv-heading8_dfdd2b-8e, .wp-block-kadence-advancedheading.kt-adv-heading8_dfdd2b-8e[data-kb-block=\"kb-adv-heading8_dfdd2b-8e\"]{text-align:center;font-style:normal;}.wp-block-kadence-advancedheading.kt-adv-heading8_dfdd2b-8e mark.kt-highlight, .wp-block-kadence-advancedheading.kt-adv-heading8_dfdd2b-8e[data-kb-block=\"kb-adv-heading8_dfdd2b-8e\"] mark.kt-highlight{font-style:normal;color:#f76a0c;-webkit-box-decoration-break:clone;box-decoration-break:clone;padding-top:0px;padding-right:0px;padding-bottom:0px;padding-left:0px;}.wp-block-kadence-advancedheading.kt-adv-heading8_dfdd2b-8e img.kb-inline-image, .wp-block-kadence-advancedheading.kt-adv-heading8_dfdd2b-8e[data-kb-block=\"kb-adv-heading8_dfdd2b-8e\"] img.kb-inline-image{width:150px;vertical-align:baseline;}<\/style>\n<h2 class=\"kt-adv-heading8_dfdd2b-8e wp-block-kadence-advancedheading\" data-kb-block=\"kb-adv-heading8_dfdd2b-8e\"><em>Nos domaines d\u2019activit\u00e9s<\/em><\/h2>\n\n\n<style>.kb-row-layout-id8_10bfa9-56 > .kt-row-column-wrap{align-content:start;}:where(.kb-row-layout-id8_10bfa9-56 > .kt-row-column-wrap) > .wp-block-kadence-column{justify-content:start;}.kb-row-layout-id8_10bfa9-56 > .kt-row-column-wrap{column-gap:var(--global-kb-gap-md, 2rem);row-gap:var(--global-kb-gap-md, 2rem);padding-top:var(--global-kb-spacing-sm, 1.5rem);grid-template-columns:repeat(2, minmax(0, 1fr));}.kb-row-layout-id8_10bfa9-56 > .kt-row-layout-overlay{opacity:0.30;}@media all and (max-width: 1024px){.kb-row-layout-id8_10bfa9-56 > .kt-row-column-wrap{grid-template-columns:repeat(2, minmax(0, 1fr));}}@media all and (max-width: 767px){.kb-row-layout-id8_10bfa9-56 > .kt-row-column-wrap{grid-template-columns:minmax(0, 1fr);}}<\/style><div class=\"kb-row-layout-wrap kb-row-layout-id8_10bfa9-56 alignnone has-theme-palette9-background-color kt-row-has-bg wp-block-kadence-rowlayout\"><div class=\"kt-row-column-wrap kt-has-2-columns kt-row-layout-equal kt-tab-layout-inherit kt-mobile-layout-row kt-row-valign-top\">\n<style>.kadence-column8_399f95-44 > .kt-inside-inner-col,.kadence-column8_399f95-44 > .kt-inside-inner-col:before{border-top-left-radius:0px;border-top-right-radius:0px;border-bottom-right-radius:0px;border-bottom-left-radius:0px;}.kadence-column8_399f95-44 > .kt-inside-inner-col{column-gap:var(--global-kb-gap-sm, 1rem);}.kadence-column8_399f95-44 > .kt-inside-inner-col{flex-direction:column;}.kadence-column8_399f95-44 > .kt-inside-inner-col > .aligncenter{width:100%;}.kadence-column8_399f95-44 > .kt-inside-inner-col:before{opacity:0.3;}.kadence-column8_399f95-44{position:relative;}@media all and (max-width: 1024px){.kadence-column8_399f95-44 > .kt-inside-inner-col{flex-direction:column;justify-content:center;}}@media all and (max-width: 767px){.kadence-column8_399f95-44 > .kt-inside-inner-col{flex-direction:column;justify-content:center;}}<\/style>\n<div class=\"wp-block-kadence-column kadence-column8_399f95-44\"><div class=\"kt-inside-inner-col\">\n<figure class=\"wp-block-image size-large\"><img loading=\"lazy\" decoding=\"async\" width=\"1024\" height=\"576\" src=\"https:\/\/frvsens-recrutement.fr\/wp-content\/uploads\/2024\/10\/construction-1024x576.jpg\" alt=\"\" class=\"wp-image-780\" srcset=\"https:\/\/frvsens-recrutement.fr\/wp-content\/uploads\/2024\/10\/construction-1024x576.jpg 1024w, https:\/\/frvsens-recrutement.fr\/wp-content\/uploads\/2024\/10\/construction-300x169.jpg 300w, https:\/\/frvsens-recrutement.fr\/wp-content\/uploads\/2024\/10\/construction-768x432.jpg 768w, https:\/\/frvsens-recrutement.fr\/wp-content\/uploads\/2024\/10\/construction.jpg 1280w\" sizes=\"auto, (max-width: 1024px) 100vw, 1024px\" \/><\/figure>\n<\/div><\/div>\n\n\n<style>.kadence-column8_669095-05 > .kt-inside-inner-col,.kadence-column8_669095-05 > .kt-inside-inner-col:before{border-top-left-radius:0px;border-top-right-radius:0px;border-bottom-right-radius:0px;border-bottom-left-radius:0px;}.kadence-column8_669095-05 > .kt-inside-inner-col{column-gap:var(--global-kb-gap-sm, 1rem);}.kadence-column8_669095-05 > .kt-inside-inner-col{flex-direction:column;}.kadence-column8_669095-05 > .kt-inside-inner-col > .aligncenter{width:100%;}.kadence-column8_669095-05 > .kt-inside-inner-col:before{opacity:0.3;}.kadence-column8_669095-05{position:relative;}@media all and (max-width: 1024px){.kadence-column8_669095-05 > .kt-inside-inner-col{flex-direction:column;justify-content:center;}}@media all and (max-width: 767px){.kadence-column8_669095-05 > .kt-inside-inner-col{flex-direction:column;justify-content:center;}}<\/style>\n<div class=\"wp-block-kadence-column kadence-column8_669095-05\"><div class=\"kt-inside-inner-col\">\n<figure class=\"wp-block-image size-large is-resized\"><img loading=\"lazy\" decoding=\"async\" width=\"1024\" height=\"576\" src=\"https:\/\/frvsens-recrutement.fr\/wp-content\/uploads\/2024\/10\/commerce-1024x576.jpg\" alt=\"\" class=\"wp-image-782\" style=\"width:631px;height:auto\" srcset=\"https:\/\/frvsens-recrutement.fr\/wp-content\/uploads\/2024\/10\/commerce-1024x576.jpg 1024w, https:\/\/frvsens-recrutement.fr\/wp-content\/uploads\/2024\/10\/commerce-300x169.jpg 300w, https:\/\/frvsens-recrutement.fr\/wp-content\/uploads\/2024\/10\/commerce-768x432.jpg 768w, https:\/\/frvsens-recrutement.fr\/wp-content\/uploads\/2024\/10\/commerce.jpg 1280w\" sizes=\"auto, (max-width: 1024px) 100vw, 1024px\" \/><\/figure>\n<\/div><\/div>\n\n<\/div><\/div>\n\n<style>.kb-row-layout-id8_7a0eda-12 > .kt-row-column-wrap{align-content:start;}:where(.kb-row-layout-id8_7a0eda-12 > .kt-row-column-wrap) > .wp-block-kadence-column{justify-content:start;}.kb-row-layout-id8_7a0eda-12 > .kt-row-column-wrap{column-gap:var(--global-kb-gap-md, 2rem);row-gap:var(--global-kb-gap-md, 2rem);padding-top:var(--global-kb-spacing-sm, 1.5rem);padding-bottom:var(--global-kb-spacing-sm, 1.5rem);grid-template-columns:repeat(2, minmax(0, 1fr));}.kb-row-layout-id8_7a0eda-12 > .kt-row-layout-overlay{opacity:0.30;}@media all and (max-width: 1024px){.kb-row-layout-id8_7a0eda-12 > .kt-row-column-wrap{grid-template-columns:repeat(2, minmax(0, 1fr));}}@media all and (max-width: 767px){.kb-row-layout-id8_7a0eda-12 > .kt-row-column-wrap{grid-template-columns:minmax(0, 1fr);}}<\/style><div class=\"kb-row-layout-wrap kb-row-layout-id8_7a0eda-12 alignnone wp-block-kadence-rowlayout\"><div class=\"kt-row-column-wrap kt-has-2-columns kt-row-layout-equal kt-tab-layout-inherit kt-mobile-layout-row kt-row-valign-top\">\n<style>.kadence-column8_b8f500-a6 > .kt-inside-inner-col,.kadence-column8_b8f500-a6 > .kt-inside-inner-col:before{border-top-left-radius:0px;border-top-right-radius:0px;border-bottom-right-radius:0px;border-bottom-left-radius:0px;}.kadence-column8_b8f500-a6 > .kt-inside-inner-col{column-gap:var(--global-kb-gap-sm, 1rem);}.kadence-column8_b8f500-a6 > .kt-inside-inner-col{flex-direction:column;}.kadence-column8_b8f500-a6 > .kt-inside-inner-col > .aligncenter{width:100%;}.kadence-column8_b8f500-a6 > .kt-inside-inner-col:before{opacity:0.3;}.kadence-column8_b8f500-a6{position:relative;}@media all and (max-width: 1024px){.kadence-column8_b8f500-a6 > .kt-inside-inner-col{flex-direction:column;justify-content:center;}}@media all and (max-width: 767px){.kadence-column8_b8f500-a6 > .kt-inside-inner-col{flex-direction:column;justify-content:center;}}<\/style>\n<div class=\"wp-block-kadence-column kadence-column8_b8f500-a6\"><div class=\"kt-inside-inner-col\">\n<figure class=\"wp-block-image size-large\"><img loading=\"lazy\" decoding=\"async\" width=\"1024\" height=\"576\" src=\"https:\/\/frvsens-recrutement.fr\/wp-content\/uploads\/2024\/10\/inductrie-1-1024x576.jpg\" alt=\"\" class=\"wp-image-784\" srcset=\"https:\/\/frvsens-recrutement.fr\/wp-content\/uploads\/2024\/10\/inductrie-1-1024x576.jpg 1024w, https:\/\/frvsens-recrutement.fr\/wp-content\/uploads\/2024\/10\/inductrie-1-300x169.jpg 300w, https:\/\/frvsens-recrutement.fr\/wp-content\/uploads\/2024\/10\/inductrie-1-768x432.jpg 768w, https:\/\/frvsens-recrutement.fr\/wp-content\/uploads\/2024\/10\/inductrie-1.jpg 1280w\" sizes=\"auto, (max-width: 1024px) 100vw, 1024px\" \/><\/figure>\n<\/div><\/div>\n\n\n<style>.kadence-column8_a04567-b2 > .kt-inside-inner-col,.kadence-column8_a04567-b2 > .kt-inside-inner-col:before{border-top-left-radius:0px;border-top-right-radius:0px;border-bottom-right-radius:0px;border-bottom-left-radius:0px;}.kadence-column8_a04567-b2 > .kt-inside-inner-col{column-gap:var(--global-kb-gap-sm, 1rem);}.kadence-column8_a04567-b2 > .kt-inside-inner-col{flex-direction:column;}.kadence-column8_a04567-b2 > .kt-inside-inner-col > .aligncenter{width:100%;}.kadence-column8_a04567-b2 > .kt-inside-inner-col:before{opacity:0.3;}.kadence-column8_a04567-b2{position:relative;}@media all and (max-width: 1024px){.kadence-column8_a04567-b2 > .kt-inside-inner-col{flex-direction:column;justify-content:center;}}@media all and (max-width: 767px){.kadence-column8_a04567-b2 > .kt-inside-inner-col{flex-direction:column;justify-content:center;}}<\/style>\n<div class=\"wp-block-kadence-column kadence-column8_a04567-b2\"><div class=\"kt-inside-inner-col\">\n<figure class=\"wp-block-image size-large\"><img loading=\"lazy\" decoding=\"async\" width=\"1024\" height=\"576\" src=\"https:\/\/frvsens-recrutement.fr\/wp-content\/uploads\/2024\/10\/support-1024x576.jpg\" alt=\"\" class=\"wp-image-785\" srcset=\"https:\/\/frvsens-recrutement.fr\/wp-content\/uploads\/2024\/10\/support-1024x576.jpg 1024w, https:\/\/frvsens-recrutement.fr\/wp-content\/uploads\/2024\/10\/support-300x169.jpg 300w, https:\/\/frvsens-recrutement.fr\/wp-content\/uploads\/2024\/10\/support-768x432.jpg 768w, https:\/\/frvsens-recrutement.fr\/wp-content\/uploads\/2024\/10\/support.jpg 1280w\" sizes=\"auto, (max-width: 1024px) 100vw, 1024px\" \/><\/figure>\n<\/div><\/div>\n\n<\/div><\/div>\n\n\n<h2 class=\"wp-block-heading has-text-align-center has-text-color has-link-color has-large-font-size wp-elements-da115b9badf4e5a337bd2c312698f0c6\" style=\"color:#e46f11\"><em><strong>Optimiser vos ressources est aussi la cl\u00e9 de vos performances \u00e9conomiques !<br><\/strong><\/em><\/h2>\n\n\n\n<p><\/p>\n","protected":false},"excerpt":{"rendered":"<p>RECRUTEMENT Notre mission : connecter les talents aux entreprises qui partagent nos valeurs de transparence, d\u2019ouverture, de curiosit\u00e9, d\u2019engagement et de bienveillance. Nous croyons que, au-del\u00e0 des comp\u00e9tences techniques, il est essentiel de prendre en compte les motivations individuelles pour donner du sens aux missions quotidiennes.\ud83d\ude0a 1111 BILAN DE COMPETENCES Bilan de comp\u00e9tences : Un&#8230;<\/p>\n","protected":false},"author":1,"featured_media":0,"parent":0,"menu_order":0,"comment_status":"closed","ping_status":"closed","template":"","meta":{"_kad_post_transparent":"","_kad_post_title":"","_kad_post_layout":"","_kad_post_sidebar_id":"","_kad_post_content_style":"","_kad_post_vertical_padding":"","_kad_post_feature":"","_kad_post_feature_position":"","_kad_post_header":false,"_kad_post_footer":false,"footnotes":"[]"},"class_list":["post-8","page","type-page","status-publish","hentry"],"_links":{"self":[{"href":"https:\/\/frvsens-recrutement.fr\/index.php\/wp-json\/wp\/v2\/pages\/8","targetHints":{"allow":["GET"]}}],"collection":[{"href":"https:\/\/frvsens-recrutement.fr\/index.php\/wp-json\/wp\/v2\/pages"}],"about":[{"href":"https:\/\/frvsens-recrutement.fr\/index.php\/wp-json\/wp\/v2\/types\/page"}],"author":[{"embeddable":true,"href":"https:\/\/frvsens-recrutement.fr\/index.php\/wp-json\/wp\/v2\/users\/1"}],"replies":[{"embeddable":true,"href":"https:\/\/frvsens-recrutement.fr\/index.php\/wp-json\/wp\/v2\/comments?post=8"}],"version-history":[{"count":97,"href":"https:\/\/frvsens-recrutement.fr\/index.php\/wp-json\/wp\/v2\/pages\/8\/revisions"}],"predecessor-version":[{"id":1121,"href":"https:\/\/frvsens-recrutement.fr\/index.php\/wp-json\/wp\/v2\/pages\/8\/revisions\/1121"}],"wp:attachment":[{"href":"https:\/\/frvsens-recrutement.fr\/index.php\/wp-json\/wp\/v2\/media?parent=8"}],"curies":[{"name":"wp","href":"https:\/\/api.w.org\/{rel}","templated":true}]}}